{"id":278,"date":"2023-07-19T23:17:19","date_gmt":"2023-07-20T04:17:19","guid":{"rendered":"https:\/\/matapta.org\/?page_id=278"},"modified":"2023-07-27T11:56:59","modified_gmt":"2023-07-27T16:56:59","slug":"school-supplies","status":"publish","type":"page","link":"https:\/\/matapta.org\/es\/school-info\/school-supplies\/","title":{"rendered":"Suministros escolares"},"content":{"rendered":"<div data-elementor-type=\"wp-page\" data-elementor-id=\"278\" class=\"elementor elementor-278\" data-elementor-post-type=\"page\">\n\t\t\t\t\t\t<section class=\"elementor-section elementor-top-section elementor-element elementor-element-56aecfe elementor-section-boxed elementor-section-height-default elementor-section-height-default\" data-id=\"56aecfe\" data-element_type=\"section\">\n\t\t\t\t\t\t<div class=\"elementor-container elementor-column-gap-default\">\n\t\t\t\t\t<div class=\"elementor-column elementor-col-100 elementor-top-column elementor-element elementor-element-96cfcf9\" data-id=\"96cfcf9\" data-element_type=\"column\">\n\t\t\t<div class=\"elementor-widget-wrap elementor-element-populated\">\n\t\t\t\t\t\t<div class=\"elementor-element elementor-element-7423ca6 elementor-widget elementor-widget-heading\" data-id=\"7423ca6\" data-element_type=\"widget\" data-widget_type=\"heading.default\">\n\t\t\t\t<div class=\"elementor-widget-container\">\n\t\t\t<style>\/*! elementor - v3.23.0 - 25-07-2024 *\/\n.elementor-heading-title{padding:0;margin:0;line-height:1}.elementor-widget-heading .elementor-heading-title[class*=elementor-size-]>a{color:inherit;font-size:inherit;line-height:inherit}.elementor-widget-heading .elementor-heading-title.elementor-size-small{font-size:15px}.elementor-widget-heading .elementor-heading-title.elementor-size-medium{font-size:19px}.elementor-widget-heading .elementor-heading-title.elementor-size-large{font-size:29px}.elementor-widget-heading .elementor-heading-title.elementor-size-xl{font-size:39px}.elementor-widget-heading .elementor-heading-title.elementor-size-xxl{font-size:59px}<\/style><h1 class=\"elementor-heading-title elementor-size-default\">Lista de \u00fatiles escolares DISD<\/h1>\t\t<\/div>\n\t\t\t\t<\/div>\n\t\t\t\t<div class=\"elementor-element elementor-element-8580f06 elementor-widget elementor-widget-spacer\" data-id=\"8580f06\" data-element_type=\"widget\" data-widget_type=\"spacer.default\">\n\t\t\t\t<div class=\"elementor-widget-container\">\n\t\t\t<style>\/*! elementor - v3.23.0 - 25-07-2024 *\/\n.elementor-column .elementor-spacer-inner{height:var(--spacer-size)}.e-con{--container-widget-width:100%}.e-con-inner>.elementor-widget-spacer,.e-con>.elementor-widget-spacer{width:var(--container-widget-width,var(--spacer-size));--align-self:var(--container-widget-align-self,initial);--flex-shrink:0}.e-con-inner>.elementor-widget-spacer>.elementor-widget-container,.e-con>.elementor-widget-spacer>.elementor-widget-container{height:100%;width:100%}.e-con-inner>.elementor-widget-spacer>.elementor-widget-container>.elementor-spacer,.e-con>.elementor-widget-spacer>.elementor-widget-container>.elementor-spacer{height:100%}.e-con-inner>.elementor-widget-spacer>.elementor-widget-container>.elementor-spacer>.elementor-spacer-inner,.e-con>.elementor-widget-spacer>.elementor-widget-container>.elementor-spacer>.elementor-spacer-inner{height:var(--container-widget-height,var(--spacer-size))}.e-con-inner>.elementor-widget-spacer.elementor-widget-empty,.e-con>.elementor-widget-spacer.elementor-widget-empty{position:relative;min-height:22px;min-width:22px}.e-con-inner>.elementor-widget-spacer.elementor-widget-empty .elementor-widget-empty-icon,.e-con>.elementor-widget-spacer.elementor-widget-empty .elementor-widget-empty-icon{position:absolute;top:0;bottom:0;left:0;right:0;margin:auto;padding:0;width:22px;height:22px}<\/style>\t\t<div class=\"elementor-spacer\">\n\t\t\t<div class=\"elementor-spacer-inner\"><\/div>\n\t\t<\/div>\n\t\t\t\t<\/div>\n\t\t\t\t<\/div>\n\t\t\t\t<section class=\"elementor-section elementor-inner-section elementor-element elementor-element-1081fc9 elementor-section-full_width elementor-section-height-default elementor-section-height-default\" data-id=\"1081fc9\" data-element_type=\"section\">\n\t\t\t\t\t\t<div class=\"elementor-container elementor-column-gap-wider\">\n\t\t\t\t\t<div class=\"elementor-column elementor-col-50 elementor-inner-column elementor-element elementor-element-4a8c7b4\" data-id=\"4a8c7b4\" data-element_type=\"column\">\n\t\t\t<div class=\"elementor-widget-wrap elementor-element-populated\">\n\t\t\t\t\t\t<div class=\"elementor-element elementor-element-cd775fd elementor-widget elementor-widget-text-editor\" data-id=\"cd775fd\" data-element_type=\"widget\" data-widget_type=\"text-editor.default\">\n\t\t\t\t<div class=\"elementor-widget-container\">\n\t\t\t<style>\/*! elementor - v3.23.0 - 25-07-2024 *\/\n.elementor-widget-text-editor.elementor-drop-cap-view-stacked .elementor-drop-cap{background-color:#69727d;color:#fff}.elementor-widget-text-editor.elementor-drop-cap-view-framed .elementor-drop-cap{color:#69727d;border:3px solid;background-color:transparent}.elementor-widget-text-editor:not(.elementor-drop-cap-view-default) .elementor-drop-cap{margin-top:8px}.elementor-widget-text-editor:not(.elementor-drop-cap-view-default) .elementor-drop-cap-letter{width:1em;height:1em}.elementor-widget-text-editor .elementor-drop-cap{float:left;text-align:center;line-height:1;font-size:50px}.elementor-widget-text-editor .elementor-drop-cap-letter{display:inline-block}<\/style>\t\t\t\t<p>Los kits de \u00fatiles escolares se pueden comprar en Ready-Set-Start (Mata recibe 5% de vuelta de todas las compras), Walmart, Target y Staples. Ingrese el c\u00f3digo postal 75214 cuando busque su escuela. Use las listas espec\u00edficas de grado a continuaci\u00f3n si prefiere comprar art\u00edculos individualmente.\u00a0<\/p><p><em>NOTA: el maestro de su hijo puede solicitar art\u00edculos adicionales seg\u00fan sea necesario.<\/em><\/p>\t\t\t\t\t\t<\/div>\n\t\t\t\t<\/div>\n\t\t\t\t\t<\/div>\n\t\t<\/div>\n\t\t\t\t<div class=\"elementor-column elementor-col-50 elementor-inner-column elementor-element elementor-element-cdd9038\" data-id=\"cdd9038\" data-element_type=\"column\">\n\t\t\t<div class=\"elementor-widget-wrap elementor-element-populated\">\n\t\t\t\t\t\t<div class=\"elementor-element elementor-element-507c838 elementor-widget elementor-widget-text-editor\" data-id=\"507c838\" data-element_type=\"widget\" data-widget_type=\"text-editor.default\">\n\t\t\t\t<div class=\"elementor-widget-container\">\n\t\t\t\t\t\t\t<h4><strong>Enlaces del kit de \u00fatiles escolares<\/strong><\/h4><ul><li><a href=\"https:\/\/www.staples.com\/supplylist\">Grapas<\/a><\/li><li><a href=\"https:\/\/www.walmart.com\/lists\/back-to-school\/classes\/2003496\">walmart<\/a><\/li><li><a href=\"https:\/\/www.target.com\/c\/school-list-assist\/-\/N-ojfyt\">Objetivo<\/a><\/li><li><a href=\"https:\/\/ready-set-start.com\/search-school\/?zipcode=75214&amp;go=Go\">Ready-Set-Start<\/a><\/li><\/ul>\t\t\t\t\t\t<\/div>\n\t\t\t\t<\/div>\n\t\t\t\t\t<\/div>\n\t\t<\/div>\n\t\t\t\t\t<\/div>\n\t\t<\/section>\n\t\t\t\t<div class=\"elementor-element elementor-element-8f99af0 elementor-widget elementor-widget-spacer\" data-id=\"8f99af0\" data-element_type=\"widget\" data-widget_type=\"spacer.default\">\n\t\t\t\t<div class=\"elementor-widget-container\">\n\t\t\t\t\t<div class=\"elementor-spacer\">\n\t\t\t<div class=\"elementor-spacer-inner\"><\/div>\n\t\t<\/div>\n\t\t\t\t<\/div>\n\t\t\t\t<\/div>\n\t\t\t\t<div class=\"elementor-element elementor-element-72b1eee elementor-cta--meadia-align-right elementor-cta--talign-center elementor-widget elementor-widget-bb-tabs\" data-id=\"72b1eee\" data-element_type=\"widget\" data-widget_type=\"bb-tabs.default\">\n\t\t\t\t<div class=\"elementor-widget-container\">\n\t\t\t\n\t\t<div class=\"bb-tabs\">\n\t\t\t\n\t\t\t<div dir=\"ltr\" class=\"tabs-wrapper flex tabs-wrapper--style1 bb-not-dotted\">\n\n\t\t\t\t<div class=\"bb-tabs__nav flex bb-tabs__active-outline\" data-num=\"6\">\n\t\t\t\t\t\t\t\t\t\t\t<div class=\"bb-tabs__nav-item\">\n\t\t\t\t\t\t\t<span class=\"bb-tabs__nav-index\">1<\/span>\n\t\t\t\t\t\t\t<span class=\"bb-tabs__nav-title\">PK3 - Jard\u00edn de infancia<\/span>\n\t\t\t\t\t\t<\/div>\n\t\t\t\t\t\t\t\t\t\t\t<div class=\"bb-tabs__nav-item\">\n\t\t\t\t\t\t\t<span class=\"bb-tabs__nav-index\">2<\/span>\n\t\t\t\t\t\t\t<span class=\"bb-tabs__nav-title\">1er grado<\/span>\n\t\t\t\t\t\t<\/div>\n\t\t\t\t\t\t\t\t\t\t\t<div class=\"bb-tabs__nav-item\">\n\t\t\t\t\t\t\t<span class=\"bb-tabs__nav-index\">3<\/span>\n\t\t\t\t\t\t\t<span class=\"bb-tabs__nav-title\">2do. grado<\/span>\n\t\t\t\t\t\t<\/div>\n\t\t\t\t\t\t\t\t\t\t\t<div class=\"bb-tabs__nav-item\">\n\t\t\t\t\t\t\t<span class=\"bb-tabs__nav-index\">4<\/span>\n\t\t\t\t\t\t\t<span class=\"bb-tabs__nav-title\">3er grado<\/span>\n\t\t\t\t\t\t<\/div>\n\t\t\t\t\t\t\t\t\t\t\t<div class=\"bb-tabs__nav-item\">\n\t\t\t\t\t\t\t<span class=\"bb-tabs__nav-index\">5<\/span>\n\t\t\t\t\t\t\t<span class=\"bb-tabs__nav-title\">4to - 6to Grado<\/span>\n\t\t\t\t\t\t<\/div>\n\t\t\t\t\t\t\t\t\t\t\t<div class=\"bb-tabs__nav-item\">\n\t\t\t\t\t\t\t<span class=\"bb-tabs__nav-index\">6<\/span>\n\t\t\t\t\t\t\t<span class=\"bb-tabs__nav-title\">Escuela intermedia<\/span>\n\t\t\t\t\t\t<\/div>\n\t\t\t\t\t\t\t\t\t<\/div>\n\n\t\t\t\t<div class=\"bb-tabs__run\" data-nav=\"true\" data-dots=\"false\">\n\t\t\t\t\t\t\t\t\t\t\t\n\t\t\t\t\t\t\t\n\t\t\t\t\t\t\t<div class=\"bb-tabs__slide bb-tabs__nomedia\">\n\t\t\t\t\t\t\t\t<div class=\"bb-tabs__block flex\">\n\t\t\t\t\t\t\t\t\t\n\t\t\t\t\t\t\t\t\t<div class=\"bb-tabs__body\">\n\t\t\t\t\t\t\t\t\t\t<div class=\"bb-tabs__subtitle\"><h6>PK3 - Jard\u00edn de infancia<\/h6><\/div>\n\t\t\t\t\t\t\t\t\t\t<div class=\"bb-tabs__title\"><h3>Primaria - PK3, PK4, Kinder<\/h3><\/div>\n\t\t\t\t\t\t\t\t\t\t<div class=\"bb-tabs__excerpt\"><p>Los kits de \u00fatiles escolares se pueden comprar en <strong><a href=\"https:\/\/ready-set-start.com\/my-account\/classes\/view\/ZFPD4XWGNOVL\/?ref=parent\">Ready-Set-Start<\/a><\/strong> (Mata recibe 5% de vuelta de todas las compras). Ingrese el c\u00f3digo postal 75214 cuando busque su escuela. Use la lista a continuaci\u00f3n si prefiere comprar art\u00edculos individualmente.\u00a0<br \/>NOTA: el maestro de su hijo puede solicitar art\u00edculos adicionales seg\u00fan sea necesario.<\/p><ul><li>Paquete de 4 barras de pegamento Elmer&#039;s de 0,21 oz<\/li><li>Crayones Crayola de 24 quilates<\/li><li>L\u00e1pices Ticonderoga 12ct<\/li><li>L\u00e1pices de colores de 24 quilates<\/li><li>Toallitas Clorox de 75ct<\/li><li>Kleenex Ultra Suave (S)<\/li><li>Toallas de papel<\/li><li>Gomas de borrar blancas<\/li><li>Carpeta amarilla con sujetadores<\/li><li>Carpeta azul con sujetadores<\/li><li>Carpeta verde con sujetadores<\/li><li>Carpeta roja con sujetadores<\/li><li>Papel surtido 9x12<\/li><li>Papel Manila 9X12<\/li><li>Papel Multiusos<\/li><li>Borrado en seco de punta fina negra<\/li><li>Deslizador de gal\u00f3n Ziploc (68ct)<\/li><li>4 esponjas<\/li><li>Tiza 12pk<\/li><li>Alfombrilla para siesta (tama\u00f1o de ni\u00f1o no mayor de 24&quot;x48&quot;)<\/li><\/ul><\/div>\n\t\t\t\t\t\t\t\t\t\t\t\t\t\t\t\t\t\t\t\t\t<a class=\"bb-tabs__link\" href=\"https:\/\/ready-set-start.com\/my-account\/classes\/view\/ZFPD4XWGNOVL\/?ref=parent\" target=\"_blank\">Ver en Ready-Set-Start<\/a>\n\t\t\t\t\t\t\t\t\t\t\t\t\t\t\t\t\t\t\t<\/div>\n\n\t\t\t\t\t\t\t\t\t\n\t\t\t\t\t\t\t\t<\/div>\n\t\t\t\t\t\t\t<\/div>\n\n\t\t\t\t\t\t\t\t\t\t\t\t\t\t\t\t\t\n\t\t\t\t\t\t\t\n\t\t\t\t\t\t\t<div class=\"bb-tabs__slide bb-tabs__nomedia\">\n\t\t\t\t\t\t\t\t<div class=\"bb-tabs__block flex\">\n\t\t\t\t\t\t\t\t\t\n\t\t\t\t\t\t\t\t\t<div class=\"bb-tabs__body\">\n\t\t\t\t\t\t\t\t\t\t<div class=\"bb-tabs__subtitle\"><h6>1er grado<\/h6><\/div>\n\t\t\t\t\t\t\t\t\t\t<div class=\"bb-tabs__title\"><h3>Primaria inferior - 1er grado<\/h3><\/div>\n\t\t\t\t\t\t\t\t\t\t<div class=\"bb-tabs__excerpt\"><p>Los kits de \u00fatiles escolares se pueden comprar en <strong><a href=\"https:\/\/ready-set-start.com\/my-account\/classes\/view\/54ZUDSKIK4WU\/?ref=parent\">Ready-Set-Start<\/a><\/strong> (Mata recibe 5% de vuelta de todas las compras). Ingrese el c\u00f3digo postal 75214 cuando busque su escuela. Use la lista a continuaci\u00f3n si prefiere comprar art\u00edculos individualmente.\u00a0<br \/>NOTA: el maestro de su hijo puede solicitar art\u00edculos adicionales seg\u00fan sea necesario.<\/p><ul><li>L\u00e1pices Ticonderoga 12ct<\/li><li>L\u00e1pices de colores de 24 quilates<\/li><li>Toallitas Clorox de 75ct<\/li><li>Kleenex Ultra Suave (S)<\/li><li>Toallas de papel<\/li><li>Gomas de borrar blancas<\/li><li>Carpeta verde con sujetadores<\/li><li>Historia creativa K-2<\/li><li>Carpeta verde de 1&quot;<\/li><li>Desinfectante de manos (12 oz)<\/li><li>Papel Multiusos<\/li><li>Libro de compensaci\u00f3n de regla ancha<\/li><li>Libro de composici\u00f3n matem\u00e1tica con papel cuadriculado de 1\/2&quot; - 2 cuadrados por pulgada<\/li><\/ul><\/div>\n\t\t\t\t\t\t\t\t\t\t\t\t\t\t\t\t\t\t\t\t\t<a class=\"bb-tabs__link\" href=\"https:\/\/ready-set-start.com\/my-account\/classes\/view\/54ZUDSKIK4WU\/?ref=parent\" target=\"_blank\">Ver en Ready-Set-Start<\/a>\n\t\t\t\t\t\t\t\t\t\t\t\t\t\t\t\t\t\t\t<\/div>\n\n\t\t\t\t\t\t\t\t\t\n\t\t\t\t\t\t\t\t<\/div>\n\t\t\t\t\t\t\t<\/div>\n\n\t\t\t\t\t\t\t\t\t\t\t\t\t\t\t\t\t\n\t\t\t\t\t\t\t\n\t\t\t\t\t\t\t<div class=\"bb-tabs__slide bb-tabs__nomedia\">\n\t\t\t\t\t\t\t\t<div class=\"bb-tabs__block flex\">\n\t\t\t\t\t\t\t\t\t\n\t\t\t\t\t\t\t\t\t<div class=\"bb-tabs__body\">\n\t\t\t\t\t\t\t\t\t\t<div class=\"bb-tabs__subtitle\"><h6>2do. grado<\/h6><\/div>\n\t\t\t\t\t\t\t\t\t\t<div class=\"bb-tabs__title\"><h3>Primaria Inferior - 2do Grado<\/h3><\/div>\n\t\t\t\t\t\t\t\t\t\t<div class=\"bb-tabs__excerpt\"><p>Los kits de \u00fatiles escolares se pueden comprar en <strong><a href=\"https:\/\/ready-set-start.com\/my-account\/classes\/view\/I9S9B8FPYQ5Z\/?ref=parent\">Ready-Set-Start<\/a><\/strong> (Mata recibe 5% de vuelta de todas las compras). Ingrese el c\u00f3digo postal 75214 cuando busque su escuela. Use la lista a continuaci\u00f3n si prefiere comprar art\u00edculos individualmente.\u00a0<br \/>NOTA: el maestro de su hijo puede solicitar art\u00edculos adicionales seg\u00fan sea necesario.<\/p><ul><li>L\u00e1pices Ticonderoga 12ct<\/li><li>L\u00e1pices de colores de 24 quilates<\/li><li>Toallitas Clorox de 75ct<\/li><li>Kleenex Ultra Suave (S)<\/li><li>Toallas de papel<\/li><li>Gomas de borrar blancas<\/li><li>Papel Multiusos<\/li><li>Composici\u00f3n primaria K-2<\/li><li>Carpeta azul de 1&quot;<\/li><li>Jab\u00f3n de Manos (D)<\/li><li>Libro de compensaci\u00f3n de regla ancha<\/li><li>Carpeta azul con sujetadores<\/li><li>Libro de composici\u00f3n matem\u00e1tica con papel cuadriculado de 1\/2&quot; - 2 cuadrados por pulgada<\/li><\/ul><\/div>\n\t\t\t\t\t\t\t\t\t\t\t\t\t\t\t\t\t\t\t\t\t<a class=\"bb-tabs__link\" href=\"https:\/\/ready-set-start.com\/my-account\/classes\/view\/I9S9B8FPYQ5Z\/?ref=parent\" target=\"_blank\">Ver en Ready-Set-Start<\/a>\n\t\t\t\t\t\t\t\t\t\t\t\t\t\t\t\t\t\t\t<\/div>\n\n\t\t\t\t\t\t\t\t\t\n\t\t\t\t\t\t\t\t<\/div>\n\t\t\t\t\t\t\t<\/div>\n\n\t\t\t\t\t\t\t\t\t\t\t\t\t\t\t\t\t\n\t\t\t\t\t\t\t\n\t\t\t\t\t\t\t<div class=\"bb-tabs__slide bb-tabs__nomedia\">\n\t\t\t\t\t\t\t\t<div class=\"bb-tabs__block flex\">\n\t\t\t\t\t\t\t\t\t\n\t\t\t\t\t\t\t\t\t<div class=\"bb-tabs__body\">\n\t\t\t\t\t\t\t\t\t\t<div class=\"bb-tabs__subtitle\"><h6>3er grado<\/h6><\/div>\n\t\t\t\t\t\t\t\t\t\t<div class=\"bb-tabs__title\"><h3>Primaria inferior - 3er grado<\/h3><\/div>\n\t\t\t\t\t\t\t\t\t\t<div class=\"bb-tabs__excerpt\"><p>Los kits de \u00fatiles escolares se pueden comprar en <strong><a href=\"https:\/\/ready-set-start.com\/my-account\/classes\/view\/JY63QM7EXLF2\/?ref=parent\">Ready-Set-Start<\/a><\/strong> (Mata recibe 5% de vuelta de todas las compras). Ingrese el c\u00f3digo postal 75214 cuando busque su escuela. Use la lista a continuaci\u00f3n si prefiere comprar art\u00edculos individualmente.\u00a0<br \/>NOTA: el maestro de su hijo puede solicitar art\u00edculos adicionales seg\u00fan sea necesario.<\/p><ul><li>L\u00e1pices Ticonderoga 12ct<\/li><li>L\u00e1pices de colores de 24 quilates<\/li><li>Toallitas Clorox de 75ct<\/li><li>Kleenex Ultra Suave (S)<\/li><li>Toallas de papel<\/li><li>Gomas de borrar blancas<\/li><li>Papel Multiusos<\/li><li>Libro de compensaci\u00f3n de regla ancha<\/li><li>Composici\u00f3n primaria K-2<\/li><li>Carpeta roja de 1&quot;<\/li><li>Papel de relleno de regla ancha<\/li><li>Carpeta roja con sujetadores<\/li><li>Libro de composici\u00f3n matem\u00e1tica con papel cuadriculado de 1\/2&quot; - 2 cuadrados por pulgada<\/li><\/ul><\/div>\n\t\t\t\t\t\t\t\t\t\t\t\t\t\t\t\t\t\t\t\t\t<a class=\"bb-tabs__link\" href=\"https:\/\/ready-set-start.com\/my-account\/classes\/view\/JY63QM7EXLF2\/?ref=parent\" target=\"_blank\">Ver en Ready-Set-Start<\/a>\n\t\t\t\t\t\t\t\t\t\t\t\t\t\t\t\t\t\t\t<\/div>\n\n\t\t\t\t\t\t\t\t\t\n\t\t\t\t\t\t\t\t<\/div>\n\t\t\t\t\t\t\t<\/div>\n\n\t\t\t\t\t\t\t\t\t\t\t\t\t\t\t\t\t\n\t\t\t\t\t\t\t\n\t\t\t\t\t\t\t<div class=\"bb-tabs__slide bb-tabs__nomedia\">\n\t\t\t\t\t\t\t\t<div class=\"bb-tabs__block flex\">\n\t\t\t\t\t\t\t\t\t\n\t\t\t\t\t\t\t\t\t<div class=\"bb-tabs__body\">\n\t\t\t\t\t\t\t\t\t\t<div class=\"bb-tabs__subtitle\"><h6>4to - 6to Grado<\/h6><\/div>\n\t\t\t\t\t\t\t\t\t\t<div class=\"bb-tabs__title\"><h3>Primaria Superior - 4to, 5to, 6to Grado<\/h3><\/div>\n\t\t\t\t\t\t\t\t\t\t<div class=\"bb-tabs__excerpt\"><p>Los kits de \u00fatiles escolares se pueden comprar en <strong><a href=\"https:\/\/ready-set-start.com\/my-account\/classes\/view\/YWU6YP78TDZ5\/?ref=parent\">Ready-Set-Start<\/a><\/strong> (Mata recibe 5% de vuelta de todas las compras). Ingrese el c\u00f3digo postal 75214 cuando busque su escuela. Use la lista a continuaci\u00f3n si prefiere comprar art\u00edculos individualmente.\u00a0<br \/><em>NOTA: el maestro de su hijo puede solicitar art\u00edculos adicionales seg\u00fan sea necesario.<\/em><\/p><p><em>NOTA: Los estudiantes de sexto grado recibir\u00e1n una lista de \u00fatiles adicionales para su clase especial una vez que finalicen los horarios.<\/em><\/p><ul><li>L\u00e1pices Ticonderoga 12ct<\/li><li>L\u00e1pices de colores de 24 quilates<\/li><li>Toallitas Clorox de 75ct<\/li><li>Kleenex Ultra Suave (S)<\/li><li>Toallas de papel<\/li><li>Gomas de borrar blancas<\/li><li>Papel Multiusos<\/li><li>Tejido Kleenex<\/li><li>Papel de relleno de regla ancha<\/li><li>Carpeta Avery 2&quot; Blanca<\/li><li>Carpeta azul con sujetadores<\/li><li>Carpeta roja con sujetadores<\/li><li>Papel de relleno para gr\u00e1ficos (D)<\/li><li>Estuche para l\u00e1pices<\/li><li>Auriculares con micr\u00f3fono<\/li><li>Separadores de bolsillo de 8 pesta\u00f1as<\/li><\/ul><\/div>\n\t\t\t\t\t\t\t\t\t\t\t\t\t\t\t\t\t\t\t\t\t<a class=\"bb-tabs__link\" href=\"https:\/\/ready-set-start.com\/search-school\/?zipcode=75214&#038;go=Go\">Ver en Ready-Set-Start<\/a>\n\t\t\t\t\t\t\t\t\t\t\t\t\t\t\t\t\t\t\t<\/div>\n\n\t\t\t\t\t\t\t\t\t\n\t\t\t\t\t\t\t\t<\/div>\n\t\t\t\t\t\t\t<\/div>\n\n\t\t\t\t\t\t\t\t\t\t\t\t\t\t\t\t\t\n\t\t\t\t\t\t\t\n\t\t\t\t\t\t\t<div class=\"bb-tabs__slide bb-tabs__nomedia\">\n\t\t\t\t\t\t\t\t<div class=\"bb-tabs__block flex\">\n\t\t\t\t\t\t\t\t\t\n\t\t\t\t\t\t\t\t\t<div class=\"bb-tabs__body\">\n\t\t\t\t\t\t\t\t\t\t<div class=\"bb-tabs__subtitle\"><h6>Escuela intermedia<\/h6><\/div>\n\t\t\t\t\t\t\t\t\t\t<div class=\"bb-tabs__title\"><h3>Escuela Secundaria - 7\u00b0 y 8\u00b0 Grado<\/h3><\/div>\n\t\t\t\t\t\t\t\t\t\t<div class=\"bb-tabs__excerpt\"><p>Los kits de \u00fatiles escolares se pueden comprar en <strong><a href=\"https:\/\/ready-set-start.com\/my-account\/classes\/view\/JY63QM7EXLF2\/?ref=parent\">Ready-Set-Start<\/a><\/strong> (Mata recibe 5% de vuelta de todas las compras). Ingrese el c\u00f3digo postal 75214 cuando busque su escuela. Use la lista a continuaci\u00f3n si prefiere comprar art\u00edculos individualmente.\u00a0<br \/>NOTA: el maestro de su hijo puede solicitar art\u00edculos adicionales seg\u00fan sea necesario.<\/p><ul><li>L\u00e1pices Ticonderoga 12ct<\/li><li>L\u00e1pices de colores de 24 quilates<\/li><li>Toallitas Clorox de 75ct<\/li><li>Kleenex Ultra Suave (S)<\/li><li>Toallas de papel<\/li><li>Carpeta roja con sujetadores<\/li><li>Carpeta amarilla con sujetadores<\/li><li>Carpeta azul con sujetadores<\/li><li>Carpeta verde con sujetadores<\/li><li>Carpeta morada con sujetadores<\/li><li>Carpeta de pl\u00e1stico negra con clavitos y bolsillos<\/li><li>Marcadores de punta fina de 12 quilates.<\/li><li>Paquete de 25 protectores de hojas<\/li><li>Papel de relleno de regla ancha<\/li><li>Tejido Kleenex<\/li><li>L\u00e1pices de colores de 12 quilates.<\/li><li>Papel Multiusos<\/li><li>Auriculares con micr\u00f3fono<\/li><li>Libro de composici\u00f3n de gr\u00e1ficos<\/li><li>Paquete de 3 borradores de alto pol\u00edmero<\/li><li>Bol\u00edgrafos Stic Rojo (dz)<\/li><li>Estuche para l\u00e1pices<\/li><li>Cuadernos de composici\u00f3n (1 morado, 2 azules, 2 rojos, 1 verde, 2 amarillos, 1 negro)<\/li><\/ul><\/div>\n\t\t\t\t\t\t\t\t\t\t\t\t\t\t\t\t\t\t\t\t\t<a class=\"bb-tabs__link\" href=\"https:\/\/ready-set-start.com\/my-account\/classes\/view\/JY63QM7EXLF2\/?ref=parent\" target=\"_blank\">Ver en Ready-Set-Start<\/a>\n\t\t\t\t\t\t\t\t\t\t\t\t\t\t\t\t\t\t\t<\/div>\n\n\t\t\t\t\t\t\t\t\t\n\t\t\t\t\t\t\t\t<\/div>\n\t\t\t\t\t\t\t<\/div>\n\n\t\t\t\t\t\t\t\t\t\t\t\t\t\t\t<\/div>\n\n\t\t\t<\/div>\n\n\t\t<\/div>\n\n\t\t\t\t<\/div>\n\t\t\t\t<\/div>\n\t\t\t\t\t<\/div>\n\t\t<\/div>\n\t\t\t\t\t<\/div>\n\t\t<\/section>\n\t\t\t\t<\/div>","protected":false},"excerpt":{"rendered":"<p>DISD School Supply list School supply kits my be purchased from Ready-Set-Start (Mata receives 5% back from all purchases), Walmart, Target and Staples. Enter zip&hellip;<\/p>","protected":false},"author":1,"featured_media":375,"parent":75,"menu_order":0,"comment_status":"closed","ping_status":"closed","template":"","meta":{"pmpro_default_level":"","_price":"","_stock":"","_tribe_ticket_header":"","_tribe_default_ticket_provider":"","_tribe_ticket_capacity":"0","_ticket_start_date":"","_ticket_end_date":"","_tribe_ticket_show_description":"","_tribe_ticket_show_not_going":false,"_tribe_ticket_use_global_stock":"","_tribe_ticket_global_stock_level":"","_global_stock_mode":"","_global_stock_cap":"","_tribe_rsvp_for_event":"","_tribe_ticket_going_count":"","_tribe_ticket_not_going_count":"","_tribe_tickets_list":"[]","_tribe_ticket_has_attendee_info_fields":false,"footnotes":""},"class_list":["post-278","page","type-page","status-publish","has-post-thumbnail","hentry","pmpro-has-access"],"jetpack_sharing_enabled":true,"_links":{"self":[{"href":"https:\/\/matapta.org\/es\/wp-json\/wp\/v2\/pages\/278"}],"collection":[{"href":"https:\/\/matapta.org\/es\/wp-json\/wp\/v2\/pages"}],"about":[{"href":"https:\/\/matapta.org\/es\/wp-json\/wp\/v2\/types\/page"}],"author":[{"embeddable":true,"href":"https:\/\/matapta.org\/es\/wp-json\/wp\/v2\/users\/1"}],"replies":[{"embeddable":true,"href":"https:\/\/matapta.org\/es\/wp-json\/wp\/v2\/comments?post=278"}],"version-history":[{"count":20,"href":"https:\/\/matapta.org\/es\/wp-json\/wp\/v2\/pages\/278\/revisions"}],"predecessor-version":[{"id":1057,"href":"https:\/\/matapta.org\/es\/wp-json\/wp\/v2\/pages\/278\/revisions\/1057"}],"up":[{"embeddable":true,"href":"https:\/\/matapta.org\/es\/wp-json\/wp\/v2\/pages\/75"}],"wp:featuredmedia":[{"embeddable":true,"href":"https:\/\/matapta.org\/es\/wp-json\/wp\/v2\/media\/375"}],"wp:attachment":[{"href":"https:\/\/matapta.org\/es\/wp-json\/wp\/v2\/media?parent=278"}],"curies":[{"name":"wp","href":"https:\/\/api.w.org\/{rel}","templated":true}]}}