{"id":201,"date":"2023-07-19T16:52:48","date_gmt":"2023-07-19T21:52:48","guid":{"rendered":"https:\/\/matapta.org\/?page_id=201"},"modified":"2023-07-19T17:00:37","modified_gmt":"2023-07-19T22:00:37","slug":"faq","status":"publish","type":"page","link":"https:\/\/matapta.org\/es\/school-info\/faq\/","title":{"rendered":"FAQ"},"content":{"rendered":"<div data-elementor-type=\"wp-page\" data-elementor-id=\"201\" class=\"elementor elementor-201\" data-elementor-post-type=\"page\">\n\t\t\t\t\t\t<section class=\"elementor-section elementor-top-section elementor-element elementor-element-29c8f4e elementor-section-boxed elementor-section-height-default elementor-section-height-default\" data-id=\"29c8f4e\" data-element_type=\"section\">\n\t\t\t\t\t\t<div class=\"elementor-container elementor-column-gap-default\">\n\t\t\t\t\t<div class=\"elementor-column elementor-col-100 elementor-top-column elementor-element elementor-element-d2f7e24\" data-id=\"d2f7e24\" data-element_type=\"column\">\n\t\t\t<div class=\"elementor-widget-wrap elementor-element-populated\">\n\t\t\t\t\t\t<div class=\"elementor-element elementor-element-ec2f519 elementor-widget elementor-widget-spacer\" data-id=\"ec2f519\" data-element_type=\"widget\" data-widget_type=\"spacer.default\">\n\t\t\t\t<div class=\"elementor-widget-container\">\n\t\t\t<style>\/*! elementor - v3.23.0 - 25-07-2024 *\/\n.elementor-column .elementor-spacer-inner{height:var(--spacer-size)}.e-con{--container-widget-width:100%}.e-con-inner>.elementor-widget-spacer,.e-con>.elementor-widget-spacer{width:var(--container-widget-width,var(--spacer-size));--align-self:var(--container-widget-align-self,initial);--flex-shrink:0}.e-con-inner>.elementor-widget-spacer>.elementor-widget-container,.e-con>.elementor-widget-spacer>.elementor-widget-container{height:100%;width:100%}.e-con-inner>.elementor-widget-spacer>.elementor-widget-container>.elementor-spacer,.e-con>.elementor-widget-spacer>.elementor-widget-container>.elementor-spacer{height:100%}.e-con-inner>.elementor-widget-spacer>.elementor-widget-container>.elementor-spacer>.elementor-spacer-inner,.e-con>.elementor-widget-spacer>.elementor-widget-container>.elementor-spacer>.elementor-spacer-inner{height:var(--container-widget-height,var(--spacer-size))}.e-con-inner>.elementor-widget-spacer.elementor-widget-empty,.e-con>.elementor-widget-spacer.elementor-widget-empty{position:relative;min-height:22px;min-width:22px}.e-con-inner>.elementor-widget-spacer.elementor-widget-empty .elementor-widget-empty-icon,.e-con>.elementor-widget-spacer.elementor-widget-empty .elementor-widget-empty-icon{position:absolute;top:0;bottom:0;left:0;right:0;margin:auto;padding:0;width:22px;height:22px}<\/style>\t\t<div class=\"elementor-spacer\">\n\t\t\t<div class=\"elementor-spacer-inner\"><\/div>\n\t\t<\/div>\n\t\t\t\t<\/div>\n\t\t\t\t<\/div>\n\t\t\t\t<div class=\"elementor-element elementor-element-d2e4d71 elementor-widget elementor-widget-toggle\" data-id=\"d2e4d71\" data-element_type=\"widget\" data-widget_type=\"toggle.default\">\n\t\t\t\t<div class=\"elementor-widget-container\">\n\t\t\t<style>\/*! elementor - v3.23.0 - 25-07-2024 *\/\n.elementor-toggle{text-align:start}.elementor-toggle .elementor-tab-title{font-weight:700;line-height:1;margin:0;padding:15px;border-bottom:1px solid #d5d8dc;cursor:pointer;outline:none}.elementor-toggle .elementor-tab-title .elementor-toggle-icon{display:inline-block;width:1em}.elementor-toggle .elementor-tab-title .elementor-toggle-icon svg{margin-inline-start:-5px;width:1em;height:1em}.elementor-toggle .elementor-tab-title .elementor-toggle-icon.elementor-toggle-icon-right{float:right;text-align:right}.elementor-toggle .elementor-tab-title .elementor-toggle-icon.elementor-toggle-icon-left{float:left;text-align:left}.elementor-toggle .elementor-tab-title .elementor-toggle-icon .elementor-toggle-icon-closed{display:block}.elementor-toggle .elementor-tab-title .elementor-toggle-icon .elementor-toggle-icon-opened{display:none}.elementor-toggle .elementor-tab-title.elementor-active{border-bottom:none}.elementor-toggle .elementor-tab-title.elementor-active .elementor-toggle-icon-closed{display:none}.elementor-toggle .elementor-tab-title.elementor-active .elementor-toggle-icon-opened{display:block}.elementor-toggle .elementor-tab-content{padding:15px;border-bottom:1px solid #d5d8dc;display:none}@media (max-width:767px){.elementor-toggle .elementor-tab-title{padding:12px}.elementor-toggle .elementor-tab-content{padding:12px 10px}}.e-con-inner>.elementor-widget-toggle,.e-con>.elementor-widget-toggle{width:var(--container-widget-width);--flex-grow:var(--container-widget-flex-grow)}<\/style>\t\t<div class=\"elementor-toggle\">\n\t\t\t\t\t\t\t<div class=\"elementor-toggle-item\">\n\t\t\t\t\t<div id=\"elementor-tab-title-2211\" class=\"elementor-tab-title\" data-tab=\"1\" role=\"button\" aria-controls=\"elementor-tab-content-2211\" aria-expanded=\"false\">\n\t\t\t\t\t\t\t\t\t\t\t\t<span class=\"elementor-toggle-icon elementor-toggle-icon-left\" aria-hidden=\"true\">\n\t\t\t\t\t\t\t\t\t\t\t\t\t\t\t<span class=\"elementor-toggle-icon-closed\"><i class=\"fas fa-caret-right\"><\/i><\/span>\n\t\t\t\t\t\t\t\t<span class=\"elementor-toggle-icon-opened\"><i class=\"elementor-toggle-icon-opened fas fa-caret-up\"><\/i><\/span>\n\t\t\t\t\t\t\t\t\t\t\t\t\t<\/span>\n\t\t\t\t\t\t\t\t\t\t\t\t<a class=\"elementor-toggle-title\" tabindex=\"0\">\u00bfA que hora empieza la escuela?<\/a>\n\t\t\t\t\t<\/div>\n\n\t\t\t\t\t<div id=\"elementor-tab-content-2211\" class=\"elementor-tab-content elementor-clearfix\" data-tab=\"1\" role=\"region\" aria-labelledby=\"elementor-tab-title-2211\"><p>Los estudiantes pueden ingresar al edificio a partir de las 7:30. TODOS los estudiantes deben estar presentes en clase a las 8:00. El desayuno se sirve en las aulas de Primaria y los alumnos de 1\u00ba a 8\u00ba pueden recoger el desayuno en el quiosco de entrada para comer.\u00a0<\/p><\/div>\n\t\t\t\t<\/div>\n\t\t\t\t\t\t\t<div class=\"elementor-toggle-item\">\n\t\t\t\t\t<div id=\"elementor-tab-title-2212\" class=\"elementor-tab-title\" data-tab=\"2\" role=\"button\" aria-controls=\"elementor-tab-content-2212\" aria-expanded=\"false\">\n\t\t\t\t\t\t\t\t\t\t\t\t<span class=\"elementor-toggle-icon elementor-toggle-icon-left\" aria-hidden=\"true\">\n\t\t\t\t\t\t\t\t\t\t\t\t\t\t\t<span class=\"elementor-toggle-icon-closed\"><i class=\"fas fa-caret-right\"><\/i><\/span>\n\t\t\t\t\t\t\t\t<span class=\"elementor-toggle-icon-opened\"><i class=\"elementor-toggle-icon-opened fas fa-caret-up\"><\/i><\/span>\n\t\t\t\t\t\t\t\t\t\t\t\t\t<\/span>\n\t\t\t\t\t\t\t\t\t\t\t\t<a class=\"elementor-toggle-title\" tabindex=\"0\">\u00bfCu\u00e1ndo termina la escuela?<\/a>\n\t\t\t\t\t<\/div>\n\n\t\t\t\t\t<div id=\"elementor-tab-content-2212\" class=\"elementor-tab-content elementor-clearfix\" data-tab=\"2\" role=\"region\" aria-labelledby=\"elementor-tab-title-2212\"><p>Los estudiantes saldr\u00e1n a las 3:15. Tratamos MUY DURO de tener a todos los estudiantes en sus veh\u00edculos o con sus padres y en camino a las 3:25. Si est\u00e1 preparado con su letrero y llega de 5 a 10 minutos antes, esto nos ayuda a todos a salir r\u00e1pidamente y continuar con el resto de nuestras tardes.<\/p><p>Si desea ayudar a acelerar la entrega y la recogida, siga el patr\u00f3n de tr\u00e1fico muy de cerca. Tambi\u00e9n puede echar una mano con nuestros voluntarios de tr\u00e1fico. No necesita experiencia, solo la voluntad de ser amigable con otros padres y el deseo de mantener el tr\u00e1fico en movimiento a un ritmo razonable.\u00a0\u00a0<\/p><\/div>\n\t\t\t\t<\/div>\n\t\t\t\t\t\t\t<div class=\"elementor-toggle-item\">\n\t\t\t\t\t<div id=\"elementor-tab-title-2213\" class=\"elementor-tab-title\" data-tab=\"3\" role=\"button\" aria-controls=\"elementor-tab-content-2213\" aria-expanded=\"false\">\n\t\t\t\t\t\t\t\t\t\t\t\t<span class=\"elementor-toggle-icon elementor-toggle-icon-left\" aria-hidden=\"true\">\n\t\t\t\t\t\t\t\t\t\t\t\t\t\t\t<span class=\"elementor-toggle-icon-closed\"><i class=\"fas fa-caret-right\"><\/i><\/span>\n\t\t\t\t\t\t\t\t<span class=\"elementor-toggle-icon-opened\"><i class=\"elementor-toggle-icon-opened fas fa-caret-up\"><\/i><\/span>\n\t\t\t\t\t\t\t\t\t\t\t\t\t<\/span>\n\t\t\t\t\t\t\t\t\t\t\t\t<a class=\"elementor-toggle-title\" tabindex=\"0\">\u00bfA donde vamos?<\/a>\n\t\t\t\t\t<\/div>\n\n\t\t\t\t\t<div id=\"elementor-tab-content-2213\" class=\"elementor-tab-content elementor-clearfix\" data-tab=\"3\" role=\"region\" aria-labelledby=\"elementor-tab-title-2213\"><p>El primer d\u00eda, siga las instrucciones para recogerlo y dejarlo. Si desea acompa\u00f1ar a su estudiante hasta la puerta, estacione a lo largo de LaVista o East Grand, cerca de SantaFe Trail. No hay estacionamiento frente a la escuela en Grand, ya que esa es la ruta para que los padres y los autobuses entren y salgan del carril de viaje compartido.\u00a0<\/p><p>\u00a0<\/p><p><strong>ALUMNOS DE PRIMARIA<\/strong>\u00a0entrar\u00e1 por la puerta de la biblioteca que da a la calle LaVista. Los maestros de primaria y los TA se reunir\u00e1n con sus clases en esta puerta y los guiar\u00e1n a sus aulas.<\/p><p>\u00a0<\/p><p><strong>ESTUDIANTES DE 1\u00b0 A 6\u00b0 GRADO<\/strong>\u00a0entrar\u00e1 por la puerta de la oficina que da a East Grand Avenue. Lower Elementary se reportar\u00e1 al gimnasio, Upper Elementary se reportar\u00e1 al auditorio,<\/p><p>\u00a0<\/p><p><strong>Escuela intermedia<\/strong>\u00a0entrar\u00e1 por la puerta m\u00e1s cercana a la cafeter\u00eda, pres\u00e9ntese en la cafeter\u00eda. \u00a0<\/p><p>\u00a0<\/p><p><strong>Todos los estudiantes<\/strong>\u00a0ir\u00e1n directamente a sus aulas despu\u00e9s de las 7:45, deteni\u00e9ndose en las estaciones de quiosco si desean recoger el desayuno.\u00a0\u00a0<strong><em>El desayuno y el almuerzo se proporcionan sin costo alguno para las familias de TODOS los estudiantes de DISD.<\/em><\/strong><\/p><p>\u00a0<\/p><p>Si no est\u00e1 seguro de qui\u00e9n es el maestro de su hijo este a\u00f1o, visite la oficina y lo ayudar\u00e1n a encontrar su sal\u00f3n de clases. Si su estudiante es nuevo y necesita ayuda para encontrar su sal\u00f3n de clases, inf\u00f3rmele a un adulto en la puerta y ellos encontrar\u00e1n un compa\u00f1ero para guiarlos a la clase.<\/p><\/div>\n\t\t\t\t<\/div>\n\t\t\t\t\t\t\t<div class=\"elementor-toggle-item\">\n\t\t\t\t\t<div id=\"elementor-tab-title-2214\" class=\"elementor-tab-title\" data-tab=\"4\" role=\"button\" aria-controls=\"elementor-tab-content-2214\" aria-expanded=\"false\">\n\t\t\t\t\t\t\t\t\t\t\t\t<span class=\"elementor-toggle-icon elementor-toggle-icon-left\" aria-hidden=\"true\">\n\t\t\t\t\t\t\t\t\t\t\t\t\t\t\t<span class=\"elementor-toggle-icon-closed\"><i class=\"fas fa-caret-right\"><\/i><\/span>\n\t\t\t\t\t\t\t\t<span class=\"elementor-toggle-icon-opened\"><i class=\"elementor-toggle-icon-opened fas fa-caret-up\"><\/i><\/span>\n\t\t\t\t\t\t\t\t\t\t\t\t\t<\/span>\n\t\t\t\t\t\t\t\t\t\t\t\t<a class=\"elementor-toggle-title\" tabindex=\"0\">\u00bfQu\u00e9 comer\u00e1n los ni\u00f1os?<\/a>\n\t\t\t\t\t<\/div>\n\n\t\t\t\t\t<div id=\"elementor-tab-content-2214\" class=\"elementor-tab-content elementor-clearfix\" data-tab=\"4\" role=\"region\" aria-labelledby=\"elementor-tab-title-2214\"><p>El desayuno y el almuerzo se sirven todos los d\u00edas sin costo alguno para las familias. Puede encontrar el men\u00fa usando el<a href=\"https:\/\/schools.mealviewer.com\/school\/EDUARDOMATAMONTESSORISCHOOL\">\u00a0Sitio o aplicaci\u00f3n DISD MealViewer<\/a>y luego elegir Mata Montessori.<\/p><p>Los estudiantes recogen su desayuno cada ma\u00f1ana de camino a clase y luego comen en sus aulas.<\/p><p>Los estudiantes de primaria almuerzan al estilo familiar en sus aulas, se les sirve el plato principal que figura en la\u00a0<a href=\"https:\/\/schools.mealviewer.com\/school\/EDUARDOMATAMONTESSORISCHOOL\">Visor de comidas DISD<\/a>. Los estudiantes tambi\u00e9n pueden traer un almuerzo nutritivo de casa.<\/p><p>Los estudiantes de 1.\u00b0 a 8.\u00b0 grado almuerzan todos los d\u00edas en la cafeter\u00eda y pueden elegir el plato principal que figura en la\u00a0<a href=\"https:\/\/schools.mealviewer.com\/school\/EDUARDOMATAMONTESSORISCHOOL\">Visor de comidas DISD<\/a>. Los estudiantes tambi\u00e9n pueden traer el almuerzo de casa, no hay refrigeradores ni microondas disponibles para los estudiantes, as\u00ed que empaque todo el almuerzo listo para comer. Si elige enviar el almuerzo, tambi\u00e9n aseg\u00farese de que su estudiante pueda abrir cada art\u00edculo de forma independiente y sepa qu\u00e9 art\u00edculos devolver a casa.<\/p><\/div>\n\t\t\t\t<\/div>\n\t\t\t\t\t\t\t<div class=\"elementor-toggle-item\">\n\t\t\t\t\t<div id=\"elementor-tab-title-2215\" class=\"elementor-tab-title\" data-tab=\"5\" role=\"button\" aria-controls=\"elementor-tab-content-2215\" aria-expanded=\"false\">\n\t\t\t\t\t\t\t\t\t\t\t\t<span class=\"elementor-toggle-icon elementor-toggle-icon-left\" aria-hidden=\"true\">\n\t\t\t\t\t\t\t\t\t\t\t\t\t\t\t<span class=\"elementor-toggle-icon-closed\"><i class=\"fas fa-caret-right\"><\/i><\/span>\n\t\t\t\t\t\t\t\t<span class=\"elementor-toggle-icon-opened\"><i class=\"elementor-toggle-icon-opened fas fa-caret-up\"><\/i><\/span>\n\t\t\t\t\t\t\t\t\t\t\t\t\t<\/span>\n\t\t\t\t\t\t\t\t\t\t\t\t<a class=\"elementor-toggle-title\" tabindex=\"0\">\u00bfPor qu\u00e9 mi hijo act\u00faa as\u00ed?<\/a>\n\t\t\t\t\t<\/div>\n\n\t\t\t\t\t<div id=\"elementor-tab-content-2215\" class=\"elementor-tab-content elementor-clearfix\" data-tab=\"5\" role=\"region\" aria-labelledby=\"elementor-tab-title-2215\"><p>\u00a1El colapso de la restricci\u00f3n despu\u00e9s de la escuela es real! \u00a1Las primeras semanas o meses de escuela son un gran ajuste para todos y cuanto m\u00e1s peque\u00f1o seas, mayor ser\u00e1 el ajuste! Tome el programa despu\u00e9s de la escuela con calma, aseg\u00farese de que los ni\u00f1os tengan tiempo para relajarse y tomar un refrigerio antes de crear demasiadas demandas. Pasar 7 horas al d\u00eda aprendiendo en un entorno activo lleno de gente implica MUCHO autocontrol y regulaci\u00f3n. A veces, implica todo el autocontrol que tienes durante el d\u00eda. Asegurarse de que los primeros d\u00edas y semanas de clases tengan suficiente tiempo para descomprimirse y dormir realmente puede ayudar con cualquier problema de comportamiento despu\u00e9s de la escuela que comience a notar. Tambi\u00e9n puede comunicarse con nuestros consejeros, el Dr. L\u00f3pez y la Sra. Gunter para obtener m\u00e1s informaci\u00f3n y ayuda.<\/p><\/div>\n\t\t\t\t<\/div>\n\t\t\t\t\t\t\t\t\t\t<script type=\"application\/ld+json\">{\"@context\":\"https:\\\/\\\/schema.org\",\"@type\":\"FAQPage\",\"mainEntity\":[{\"@type\":\"Question\",\"name\":\"What time does school start?\",\"acceptedAnswer\":{\"@type\":\"Answer\",\"text\":\"<p>Students are welcome to enter the building beginning at 7:30. ALL students should be present in class at 8:00.\\u00a0Breakfast is served in the classrooms for Primary and Students 1st-8th may pick up breakfast at the entrance kiosk to eat.\\u00a0<\\\/p>\"}},{\"@type\":\"Question\",\"name\":\"When does school end?\",\"acceptedAnswer\":{\"@type\":\"Answer\",\"text\":\"<p>Students will be released at 3:15. We try VERY HARD to have all students in their vehicles or with their parents and on their way by 3:25. If you are prepared with your sign and arrive 5-10 minutes early, this helps us all get out the door quickly and on with the rest of our afternoons.<\\\/p><p>If you would like to help speed drop off and pickup along, please follow the traffic pattern\\u00a0very closely.\\u00a0 You can also lend a hand with our traffic volunteers. You don\\u2019t need experience, just a willingness to be friendly with other parents and a desire to keep traffic moving at a reasonable pace.\\u00a0\\u00a0<\\\/p>\"}},{\"@type\":\"Question\",\"name\":\"Where do we go?\",\"acceptedAnswer\":{\"@type\":\"Answer\",\"text\":\"<p>On the first day, please follow the pickup and drop off instructions \\u00a0If you would like to walk your student to the door please park along LaVista or the East Grand jug handle near the SantaFe Trail.\\u00a0 There is no parking in front of the school off Grand as that is the route for both parents and busses to enter and exit the carpool lane.\\u00a0<\\\/p><p>\\u00a0<\\\/p><p><strong>PRIMARY STUDENTS<\\\/strong>\\u00a0will enter the Library Door facing LaVista Street.\\u00a0 Primary teachers and TAs will meet their classes at this door and lead them to their classrooms.<\\\/p><p>\\u00a0<\\\/p><p><strong>1ST-6TH GRADE STUDENTS<\\\/strong>\\u00a0will enter through the Office Door facing East Grand Avenue. \\u00a0Lower Elementary will report to the Gym, Upper Elementary will report to the Auditorium,<\\\/p><p>\\u00a0<\\\/p><p><strong>Middle School<\\\/strong>\\u00a0will enter at the door nearest the cafeteria report to the cafeteria. \\u00a0<\\\/p><p>\\u00a0<\\\/p><p><strong>All students<\\\/strong>\\u00a0will go directly to their classrooms after 7:45, stopping at kiosk stations if they wish to pick up breakfast.\\u00a0\\u00a0<strong><em>Breakfast and Lunch are provided at no cost to families for ALL DISD students.<\\\/em><\\\/strong><\\\/p><p>\\u00a0<\\\/p><p>If you are unsure who your child\\u2019s teacher is this year, please visit the office and they will assist you in finding your classroom. If your student is new and needs help finding their classroom, please let an adult at the door know and they will find them a buddy to guide them to class.<\\\/p>\"}},{\"@type\":\"Question\",\"name\":\"What will the kids eat?\",\"acceptedAnswer\":{\"@type\":\"Answer\",\"text\":\"<p>Breakfast and lunch are served each day at no cost to families.\\u00a0 You can find the menu using the<a href=\\\"https:\\\/\\\/schools.mealviewer.com\\\/school\\\/EDUARDOMATAMONTESSORISCHOOL\\\">\\u00a0DISD MealViewer site or App<\\\/a>and then choosing Mata Montessori.<\\\/p><p>Students pick up their breakfast each morning on the way to class and then eat in their classrooms.<\\\/p><p>Primary students eat lunch family-style in their classrooms, they are served the main entree listed on the\\u00a0<a href=\\\"https:\\\/\\\/schools.mealviewer.com\\\/school\\\/EDUARDOMATAMONTESSORISCHOOL\\\">DISD MealViewer<\\\/a>. Students are also welcome to bring a nutritious lunch from home.<\\\/p><p>1st-8th grade students eat lunch each day in the cafeteria and have a choice of entree listed on the\\u00a0<a href=\\\"https:\\\/\\\/schools.mealviewer.com\\\/school\\\/EDUARDOMATAMONTESSORISCHOOL\\\">DISD MealViewer<\\\/a>. Students may also bring lunch from home, there are no refrigerators or microwaves available for students, so please pack all lunch items ready to eat.\\u00a0 If you choose to send lunch, please also make sure that your student is able to open each item independently and knows which items to return home.<\\\/p>\"}},{\"@type\":\"Question\",\"name\":\"Why is my child acting like THAT?\",\"acceptedAnswer\":{\"@type\":\"Answer\",\"text\":\"<p>After School restraint collapse is real! The first weeks or months of school are a big adjustment for everyone and the littler you are the bigger the adjustment! Take after school slow, make sure kids have time to decompress and have a snack before creating too many more demands.\\u00a0 Spending 7 hours a day learning in an active environment full of people involves A LOT of self-control and regulation. Sometimes, it involves all of the self-control you have for the day. Making sure the first days and weeks of school have plenty of time for decompression and sleep can really help any after school behavior issues you start to notice.\\u00a0 You can also feel free to contact our counselors, Dr. Lopez and Ms. Gunter for more information and help.<\\\/p>\"}}]}<\/script>\n\t\t\t\t\t<\/div>\n\t\t\t\t<\/div>\n\t\t\t\t<\/div>\n\t\t\t\t\t<\/div>\n\t\t<\/div>\n\t\t\t\t\t<\/div>\n\t\t<\/section>\n\t\t\t\t<\/div>","protected":false},"excerpt":{"rendered":"<p>What time does school start? Students are welcome to enter the building beginning at 7:30. ALL students should be present in class at 8:00.\u00a0Breakfast is&hellip;<\/p>","protected":false},"author":1,"featured_media":0,"parent":75,"menu_order":0,"comment_status":"closed","ping_status":"closed","template":"page-fullwidth-content.php","meta":{"pmpro_default_level":"","_price":"","_stock":"","_tribe_ticket_header":"","_tribe_default_ticket_provider":"","_tribe_ticket_capacity":"0","_ticket_start_date":"","_ticket_end_date":"","_tribe_ticket_show_description":"","_tribe_ticket_show_not_going":false,"_tribe_ticket_use_global_stock":"","_tribe_ticket_global_stock_level":"","_global_stock_mode":"","_global_stock_cap":"","_tribe_rsvp_for_event":"","_tribe_ticket_going_count":"","_tribe_ticket_not_going_count":"","_tribe_tickets_list":"[]","_tribe_ticket_has_attendee_info_fields":false,"footnotes":""},"class_list":["post-201","page","type-page","status-publish","hentry","pmpro-has-access"],"jetpack_sharing_enabled":true,"_links":{"self":[{"href":"https:\/\/matapta.org\/es\/wp-json\/wp\/v2\/pages\/201"}],"collection":[{"href":"https:\/\/matapta.org\/es\/wp-json\/wp\/v2\/pages"}],"about":[{"href":"https:\/\/matapta.org\/es\/wp-json\/wp\/v2\/types\/page"}],"author":[{"embeddable":true,"href":"https:\/\/matapta.org\/es\/wp-json\/wp\/v2\/users\/1"}],"replies":[{"embeddable":true,"href":"https:\/\/matapta.org\/es\/wp-json\/wp\/v2\/comments?post=201"}],"version-history":[{"count":11,"href":"https:\/\/matapta.org\/es\/wp-json\/wp\/v2\/pages\/201\/revisions"}],"predecessor-version":[{"id":260,"href":"https:\/\/matapta.org\/es\/wp-json\/wp\/v2\/pages\/201\/revisions\/260"}],"up":[{"embeddable":true,"href":"https:\/\/matapta.org\/es\/wp-json\/wp\/v2\/pages\/75"}],"wp:attachment":[{"href":"https:\/\/matapta.org\/es\/wp-json\/wp\/v2\/media?parent=201"}],"curies":[{"name":"wp","href":"https:\/\/api.w.org\/{rel}","templated":true}]}}