{"id":1021,"date":"2023-07-26T15:51:55","date_gmt":"2023-07-26T20:51:55","guid":{"rendered":"https:\/\/matapta.org\/?page_id=1021"},"modified":"2023-08-01T09:06:04","modified_gmt":"2023-08-01T14:06:04","slug":"shipping-policy","status":"publish","type":"page","link":"https:\/\/matapta.org\/es\/shipping-policy\/","title":{"rendered":"Politica de envios"},"content":{"rendered":"<p>Gracias por visitar y comprar en&nbsp;<strong>matapta.org&nbsp;<\/strong><\/p>\n\n\n\n<h2 class=\"wp-block-heading\"><strong>Pol\u00edtica de env\u00edo nacional<\/strong><\/h2>\n\n\n\n<h3 class=\"wp-block-heading\"><strong>Tiempo de procesamiento del env\u00edo<\/strong><\/h3>\n\n\n\n<p>Todos los pedidos se procesan dentro de los 3 a 5 d\u00edas h\u00e1biles posteriores a la recepci\u00f3n. Los pedidos no se procesan ni se env\u00edan desde el viernes a las 12 p. m. CST hasta el domingo o d\u00edas festivos. Si estamos experimentando un gran volumen de pedidos, los env\u00edos pueden retrasarse unos d\u00edas. Si su env\u00edo experimenta un retraso significativo, nos pondremos en contacto con usted por correo electr\u00f3nico o por tel\u00e9fono.<\/p>\n\n\n\n<h3 class=\"wp-block-heading\"><strong>Tarifas de env\u00edo y estimaciones de entrega<\/strong><\/h3>\n\n\n\n<p>Los gastos de env\u00edo de su pedido se calcular\u00e1n y se mostrar\u00e1n al finalizar la compra.<\/p>\n\n\n\n<figure class=\"wp-block-table\"><table><thead><tr><th>categoria de producto<\/th><th>Tiempo de entrega estimado<\/th><th>Costo de env\u00edo<\/th><\/tr><\/thead><tbody><tr><td>Ropa<\/td><td>5-7 d\u00edas h\u00e1biles<\/td><td>$5 base + $2.5 por art\u00edculo adicional<\/td><\/tr><tr><td>Art\u00edculos del hogar<\/td><td>5-9 d\u00edas h\u00e1biles<\/td><td>$6 base + $3.5 por art\u00edculo adicional<\/td><\/tr><tr><td>Carteles y arte impreso<\/td><td>5-7 d\u00edas h\u00e1biles<\/td><td>$9 base + $4.5 por elemento adicional<\/td><\/tr><\/tbody><\/table><\/figure>\n\n\n\n<h3 class=\"wp-block-heading\"><strong>Env\u00edo a apartados de correos o direcciones APO\/FPO<\/strong><\/h3>\n\n\n\n<p>Matapta.org realiza env\u00edos a direcciones dentro de EE. UU., territorios de EE. UU. y direcciones APO\/FPO\/DPO.<\/p>\n\n\n\n<h3 class=\"wp-block-heading\"><strong>Confirmaci\u00f3n de env\u00edo y seguimiento de pedidos<\/strong><\/h3>\n\n\n\n<p>Recibir\u00e1 un correo electr\u00f3nico de confirmaci\u00f3n de env\u00edo con su n\u00famero de seguimiento una vez que se haya enviado su pedido. El n\u00famero de seguimiento estar\u00e1 activo dentro de las 24 horas.<\/p>\n\n\n\n<h3 class=\"wp-block-heading\"><strong>Derechos de aduanas, aranceles e impuestos<\/strong><\/h3>\n\n\n\n<p>Matapta.org no es responsable de las aduanas e impuestos aplicados a su pedido. Todas las tarifas impuestas durante o despu\u00e9s del env\u00edo son responsabilidad del cliente (incluidos aranceles, impuestos y otros costos).<\/p>\n\n\n\n<h3 class=\"wp-block-heading\"><strong>Da\u00f1os y perjuicios<\/strong><\/h3>\n\n\n\n<p>Matapta.org no es responsable de ning\u00fan producto da\u00f1ado o perdido durante el env\u00edo. Si recibi\u00f3 su pedido da\u00f1ado, presente un reclamo con el transportista del env\u00edo. Guarde todos los materiales de embalaje y los bienes da\u00f1ados antes de presentar una reclamaci\u00f3n.<\/p>\n\n\n\n<h3 class=\"wp-block-heading\"><strong>Pol\u00edtica de env\u00edo internacional<\/strong><\/h3>\n\n\n\n<p>Actualmente no realizamos env\u00edos fuera de los EE. UU. continentales.<\/p>\n\n\n\n<h3 class=\"wp-block-heading\"><strong>Direcciones de env\u00edo incorrectas y entrega rechazada<\/strong><\/h3>\n\n\n\n<p>Hacemos todo lo posible para validar la direcci\u00f3n de env\u00edo proporcionada al finalizar la compra para garantizar que USPS la reconozca como una direcci\u00f3n v\u00e1lida. Si no podemos validar la direcci\u00f3n, intentaremos comunicarnos con el cliente para proporcionar una direcci\u00f3n actualizada. Si no podemos actualizar la direcci\u00f3n, el pedido ser\u00e1 cancelado y reembolsado.<\/p>\n\n\n\n<p>Matapta.org no se hace responsable si el cliente proporciona una direcci\u00f3n de env\u00edo incorrecta y no podemos recuperar el paquete.<\/p>\n\n\n\n<h3 class=\"wp-block-heading\"><strong>Env\u00edos perdidos o robados<\/strong><\/h3>\n\n\n\n<p>Si no recibi\u00f3 su pedido, pero el transportista inform\u00f3 que se entreg\u00f3, inf\u00f3rmenos lo antes posible enviando un correo electr\u00f3nico a eaglewagon@matapta.org<\/p>\n\n\n\n<p>Presentaremos un reclamo con el transportista. La polic\u00eda local puede estar involucrada. Reemplazaremos o reembolsaremos su pedido cuando se complete la investigaci\u00f3n. No se garantiza el reemplazo o el reembolso, pero se har\u00e1 todo lo posible para asegurarse de que usted, el cliente, est\u00e9 completo. Permita hasta 21 d\u00edas para la investigaci\u00f3n.<\/p>","protected":false},"excerpt":{"rendered":"<p>Thank you for visiting and shopping at&nbsp;matapta.org&nbsp; Domestic Shipping Policy Shipment processing time All orders are processed within 3\u20135 business days of receipt. Orders are&hellip;<\/p>","protected":false},"author":1,"featured_media":0,"parent":0,"menu_order":0,"comment_status":"closed","ping_status":"closed","template":"elementor_theme","meta":{"pmpro_default_level":"","_price":"","_stock":"","_tribe_ticket_header":"","_tribe_default_ticket_provider":"","_tribe_ticket_capacity":"0","_ticket_start_date":"","_ticket_end_date":"","_tribe_ticket_show_description":"","_tribe_ticket_show_not_going":false,"_tribe_ticket_use_global_stock":"","_tribe_ticket_global_stock_level":"","_global_stock_mode":"","_global_stock_cap":"","_tribe_rsvp_for_event":"","_tribe_ticket_going_count":"","_tribe_ticket_not_going_count":"","_tribe_tickets_list":"[]","_tribe_ticket_has_attendee_info_fields":false,"footnotes":""},"class_list":["post-1021","page","type-page","status-publish","hentry","pmpro-has-access"],"jetpack_sharing_enabled":true,"_links":{"self":[{"href":"https:\/\/matapta.org\/es\/wp-json\/wp\/v2\/pages\/1021"}],"collection":[{"href":"https:\/\/matapta.org\/es\/wp-json\/wp\/v2\/pages"}],"about":[{"href":"https:\/\/matapta.org\/es\/wp-json\/wp\/v2\/types\/page"}],"author":[{"embeddable":true,"href":"https:\/\/matapta.org\/es\/wp-json\/wp\/v2\/users\/1"}],"replies":[{"embeddable":true,"href":"https:\/\/matapta.org\/es\/wp-json\/wp\/v2\/comments?post=1021"}],"version-history":[{"count":5,"href":"https:\/\/matapta.org\/es\/wp-json\/wp\/v2\/pages\/1021\/revisions"}],"predecessor-version":[{"id":1413,"href":"https:\/\/matapta.org\/es\/wp-json\/wp\/v2\/pages\/1021\/revisions\/1413"}],"wp:attachment":[{"href":"https:\/\/matapta.org\/es\/wp-json\/wp\/v2\/media?parent=1021"}],"curies":[{"name":"wp","href":"https:\/\/api.w.org\/{rel}","templated":true}]}}